{"id":67714,"date":"2025-02-17T19:45:54","date_gmt":"2025-02-17T18:45:54","guid":{"rendered":"https:\/\/www.poppers-achat.fr\/produit\/poppers-deja-vu-amyl-30-ml\/"},"modified":"2026-03-15T11:28:35","modified_gmt":"2026-03-15T10:28:35","slug":"amyl-deja-vu-poppers-30-ml","status":"publish","type":"product","link":"https:\/\/www.poppers-achat.fr\/en\/product\/amyl-deja-vu-poppers-30-ml\/","title":{"rendered":"Amyl D\u00e9j\u00e0 Vu 30 ml"},"content":{"rendered":"<h3>Why choose Amyl D\u00e9j\u00e0 Vu Poppers 30 ml ?<\/h3>\n<p>&nbsp;<\/p>\n<p>Amyl D\u00e9j\u00e0 Vu Poppers 30 ml is an essential sexual stimulant for those in search of a strong, long-lasting experience. Its <a href=\"https:\/\/www.poppers-achat.fr\/en\/product-category\/amyl-poppers\/\">amyl nitrite<\/a> composition is renowned for its powerful action, providing a rapid rise and an unrivalled sense of well-being. This premium-quality popper is perfect for moments of relaxation or to spice up your evenings. It&#8217;s prized by poppers experts for its purity and strength.<\/p>\n<p>&nbsp;<\/p>\n<p>This <a href=\"https:\/\/www.poppers-achat.fr\/en\/product-category\/big-poppers\/\">big poppers of 30 ml<\/a> has an extended shelf life, so you don&#8217;t have to inhale too often. Its watertight safety cap ensures ideal storage, retaining all its potency.<\/p>\n<p>&nbsp;<\/p>\n<p>Amyl D\u00e9j\u00e0 Vu Poppers<\/p>\n<p>&nbsp;<\/p>\n<p>Capacity : 30 ml<\/p>\n<p>&nbsp;<\/p>\n<p>Composition : Amyl nitrite &#8211; Highly flammable<\/p>\n<p>&nbsp;<\/p>\n<p>Harmful by close inhalation, in contact with skin and if swallowed, may cause drowsiness and dizziness. Do not swallow. Keep out of reach of children.<\/p>\n<p>&nbsp;<\/p>\n<p>Available in the same range, <a href=\"https:\/\/www.poppers-achat.fr\/en\/product\/poppers-everest-premium-15ml\/\">Everest Premium poppers 15 ml<\/a> and <a href=\"https:\/\/www.poppers-achat.fr\/en\/product\/everest-brutal-poppers-30ml\/\">Everest Brutal poppers 30 ml<\/a>.<\/p>\n","protected":false},"excerpt":{"rendered":"<p><strong>Amyl D\u00e9j\u00e0 Vu Poppers 30 ml<\/strong>. Discover the new sensation made in France by <strong>Everest Aromas<\/strong>, <strong>D\u00e9j\u00e0 Vu poppers<\/strong>. Its <strong>pure amyl nitrite formula<\/strong> and <strong>maxi 30ml format<\/strong> make this <strong>popper ultra strong<\/strong>. This powerful vasodilator is perfect for relaxing and enriching your evenings of hard, intense sex. What&#8217;s more, <strong>the poppers bottle&#8217;s wide opening<\/strong> allows concentrated inhalation for a strong erection that lasts longer. So you see, Amyl D\u00e9j\u00e0 Vu 30 ml is one of today&#8217;s <strong>best poppers<\/strong> and a must-have in your collection.<\/p>\n<p>&nbsp;<\/p>\n<p>For added safety, this product is compatible with the <a href=\"https:\/\/www.poppers-achat.fr\/en\/product\/xtrm-kinky-snffr-leakproof-poppers-cap\/\">XTRM Kinky Leakproof 3XL poppers cap<\/a>.<\/p>\n","protected":false},"featured_media":67062,"template":"","meta":{"_acf_changed":false},"product_brand":[],"product_cat":[425,426],"product_tag":[605,476,538,635,1059,447,530,665,451,470,454],"class_list":{"0":"post-67714","1":"product","2":"type-product","3":"status-publish","4":"has-post-thumbnail","6":"product_cat-big-poppers","7":"product_cat-amyl-poppers","8":"product_tag-2024-en","9":"product_tag-amyl-en-2","10":"product_tag-aromas-en","11":"product_tag-best-en-2","12":"product_tag-deja-vu-en","13":"product_tag-everest-en","14":"product_tag-fort-en","15":"product_tag-france-en","16":"product_tag-poppers-en","17":"product_tag-powerful","18":"product_tag-strong-en","19":"pa_contenance-30-ml","20":"pa_fabrication-france-en","21":"pa_marque-everest-aromas-en","22":"pa_puissance-5-5","24":"first","25":"instock","26":"sale","27":"featured","28":"taxable","29":"shipping-taxable","30":"purchasable","31":"product-type-simple"},"acf":[],"yoast_head":"<!-- This site is optimized with the Yoast SEO plugin v26.1.1 - https:\/\/yoast.com\/wordpress\/plugins\/seo\/ -->\n<title>Amyl D\u00e9j\u00e0 Vu 30 ml - Ultra Strong<\/title>\n<meta name=\"description\" content=\"Poppers D\u00e9j\u00e0 Vu Amyl 30 ml is a very powerful French popper, thanks to its amyl nitrite formula. Express delivery in 24\/48h in France.\" \/>\n<meta name=\"robots\" content=\"index, follow, max-snippet:-1, max-image-preview:large, max-video-preview:-1\" \/>\n<link rel=\"canonical\" href=\"https:\/\/www.poppers-achat.fr\/en\/product\/amyl-deja-vu-poppers-30-ml\/\" \/>\n<meta property=\"og:locale\" content=\"en_US\" \/>\n<meta property=\"og:type\" content=\"article\" \/>\n<meta property=\"og:title\" content=\"Amyl D\u00e9j\u00e0 Vu 30 ml - Ultra Strong\" \/>\n<meta property=\"og:description\" content=\"Poppers D\u00e9j\u00e0 Vu Amyl 30 ml is a very powerful French popper, thanks to its amyl nitrite formula. Express delivery in 24\/48h in France.\" \/>\n<meta property=\"og:url\" content=\"https:\/\/www.poppers-achat.fr\/en\/product\/amyl-deja-vu-poppers-30-ml\/\" \/>\n<meta property=\"og:site_name\" content=\"Poppers Achat Store\" \/>\n<meta property=\"article:modified_time\" content=\"2026-03-15T10:28:35+00:00\" \/>\n<meta property=\"og:image\" content=\"https:\/\/www.poppers-achat.fr\/wp-content\/uploads\/2025\/01\/deja-vu-amyl-30ml-jpg.webp\" \/>\n\t<meta property=\"og:image:width\" content=\"800\" \/>\n\t<meta property=\"og:image:height\" content=\"800\" \/>\n\t<meta property=\"og:image:type\" content=\"image\/jpeg\" \/>\n<meta name=\"twitter:card\" content=\"summary_large_image\" \/>\n<meta name=\"twitter:site\" content=\"@poppersachat\" \/>\n<meta name=\"twitter:label1\" content=\"Est. reading time\" \/>\n\t<meta name=\"twitter:data1\" content=\"1 minute\" \/>\n<script type=\"application\/ld+json\" class=\"yoast-schema-graph\">{\"@context\":\"https:\/\/schema.org\",\"@graph\":[{\"@type\":\"WebPage\",\"@id\":\"https:\/\/www.poppers-achat.fr\/en\/product\/amyl-deja-vu-poppers-30-ml\/\",\"url\":\"https:\/\/www.poppers-achat.fr\/en\/product\/amyl-deja-vu-poppers-30-ml\/\",\"name\":\"Amyl D\u00e9j\u00e0 Vu 30 ml - Ultra Strong\",\"isPartOf\":{\"@id\":\"https:\/\/www.poppers-achat.fr\/en\/#website\"},\"primaryImageOfPage\":{\"@id\":\"https:\/\/www.poppers-achat.fr\/en\/product\/amyl-deja-vu-poppers-30-ml\/#primaryimage\"},\"image\":{\"@id\":\"https:\/\/www.poppers-achat.fr\/en\/product\/amyl-deja-vu-poppers-30-ml\/#primaryimage\"},\"thumbnailUrl\":\"https:\/\/www.poppers-achat.fr\/wp-content\/uploads\/2025\/01\/deja-vu-amyl-30ml-jpg.webp\",\"datePublished\":\"2025-02-17T18:45:54+00:00\",\"dateModified\":\"2026-03-15T10:28:35+00:00\",\"description\":\"Poppers D\u00e9j\u00e0 Vu Amyl 30 ml is a very powerful French popper, thanks to its amyl nitrite formula. Express delivery in 24\/48h in France.\",\"breadcrumb\":{\"@id\":\"https:\/\/www.poppers-achat.fr\/en\/product\/amyl-deja-vu-poppers-30-ml\/#breadcrumb\"},\"inLanguage\":\"en-US\",\"potentialAction\":[{\"@type\":\"ReadAction\",\"target\":[\"https:\/\/www.poppers-achat.fr\/en\/product\/amyl-deja-vu-poppers-30-ml\/\"]}]},{\"@type\":\"ImageObject\",\"inLanguage\":\"en-US\",\"@id\":\"https:\/\/www.poppers-achat.fr\/en\/product\/amyl-deja-vu-poppers-30-ml\/#primaryimage\",\"url\":\"https:\/\/www.poppers-achat.fr\/wp-content\/uploads\/2025\/01\/deja-vu-amyl-30ml-jpg.webp\",\"contentUrl\":\"https:\/\/www.poppers-achat.fr\/wp-content\/uploads\/2025\/01\/deja-vu-amyl-30ml-jpg.webp\",\"width\":800,\"height\":800,\"caption\":\"poppers d\u00e9j\u00e0 vu amyl 30ml\"},{\"@type\":\"BreadcrumbList\",\"@id\":\"https:\/\/www.poppers-achat.fr\/en\/product\/amyl-deja-vu-poppers-30-ml\/#breadcrumb\",\"itemListElement\":[{\"@type\":\"ListItem\",\"position\":1,\"name\":\"Home\",\"item\":\"https:\/\/www.poppers-achat.fr\/en\/\"},{\"@type\":\"ListItem\",\"position\":2,\"name\":\"Poppers\",\"item\":\"https:\/\/www.poppers-achat.fr\/en\/shop\/\"},{\"@type\":\"ListItem\",\"position\":3,\"name\":\"Amyl D\u00e9j\u00e0 Vu 30 ml\"}]},{\"@type\":\"WebSite\",\"@id\":\"https:\/\/www.poppers-achat.fr\/en\/#website\",\"url\":\"https:\/\/www.poppers-achat.fr\/en\/\",\"name\":\"boutique Poppers Achat\",\"description\":\"Poppers Achat - Achat de Poppers pas cher en ligne\",\"publisher\":{\"@id\":\"https:\/\/www.poppers-achat.fr\/en\/#organization\"},\"potentialAction\":[{\"@type\":\"SearchAction\",\"target\":{\"@type\":\"EntryPoint\",\"urlTemplate\":\"https:\/\/www.poppers-achat.fr\/en\/?s={search_term_string}\"},\"query-input\":{\"@type\":\"PropertyValueSpecification\",\"valueRequired\":true,\"valueName\":\"search_term_string\"}}],\"inLanguage\":\"en-US\"},{\"@type\":\"Organization\",\"@id\":\"https:\/\/www.poppers-achat.fr\/en\/#Organization\/\",\"name\":\"Poppers Achat Store\",\"url\":\"https:\/\/www.poppers-achat.fr\/en\/\",\"logo\":{\"@type\":\"ImageObject\",\"inLanguage\":\"en-US\",\"@id\":\"https:\/\/www.poppers-achat.fr\/en\/#\/schema\/logo\/image\/\",\"url\":\"https:\/\/www.poppers-achat.fr\/wp-content\/uploads\/2024\/07\/newlogo.png\",\"contentUrl\":\"https:\/\/www.poppers-achat.fr\/wp-content\/uploads\/2024\/07\/newlogo.png\",\"width\":350,\"height\":55,\"caption\":\"Poppers Achat Store\"},\"image\":{\"@id\":\"https:\/\/www.poppers-achat.fr\/en\/#\/schema\/logo\/image\/\"},\"sameAs\":[\"https:\/\/x.com\/poppersachat\"]}]}<\/script>\n<!-- \/ Yoast SEO plugin. -->","yoast_head_json":{"title":"Amyl D\u00e9j\u00e0 Vu 30 ml - Ultra Strong","description":"Poppers D\u00e9j\u00e0 Vu Amyl 30 ml is a very powerful French popper, thanks to its amyl nitrite formula. Express delivery in 24\/48h in France.","robots":{"index":"index","follow":"follow","max-snippet":"max-snippet:-1","max-image-preview":"max-image-preview:large","max-video-preview":"max-video-preview:-1"},"canonical":"https:\/\/www.poppers-achat.fr\/en\/product\/amyl-deja-vu-poppers-30-ml\/","og_locale":"en_US","og_type":"article","og_title":"Amyl D\u00e9j\u00e0 Vu 30 ml - Ultra Strong","og_description":"Poppers D\u00e9j\u00e0 Vu Amyl 30 ml is a very powerful French popper, thanks to its amyl nitrite formula. Express delivery in 24\/48h in France.","og_url":"https:\/\/www.poppers-achat.fr\/en\/product\/amyl-deja-vu-poppers-30-ml\/","og_site_name":"Poppers Achat Store","article_modified_time":"2026-03-15T10:28:35+00:00","og_image":[{"width":800,"height":800,"url":"https:\/\/www.poppers-achat.fr\/wp-content\/uploads\/2025\/01\/deja-vu-amyl-30ml-jpg.webp","type":"image\/jpeg"}],"twitter_card":"summary_large_image","twitter_site":"@poppersachat","twitter_misc":{"Est. reading time":"1 minute"},"schema":{"@context":"https:\/\/schema.org","@graph":[{"@type":"WebPage","@id":"https:\/\/www.poppers-achat.fr\/en\/product\/amyl-deja-vu-poppers-30-ml\/","url":"https:\/\/www.poppers-achat.fr\/en\/product\/amyl-deja-vu-poppers-30-ml\/","name":"Amyl D\u00e9j\u00e0 Vu 30 ml - Ultra Strong","isPartOf":{"@id":"https:\/\/www.poppers-achat.fr\/en\/#website"},"primaryImageOfPage":{"@id":"https:\/\/www.poppers-achat.fr\/en\/product\/amyl-deja-vu-poppers-30-ml\/#primaryimage"},"image":{"@id":"https:\/\/www.poppers-achat.fr\/en\/product\/amyl-deja-vu-poppers-30-ml\/#primaryimage"},"thumbnailUrl":"https:\/\/www.poppers-achat.fr\/wp-content\/uploads\/2025\/01\/deja-vu-amyl-30ml-jpg.webp","datePublished":"2025-02-17T18:45:54+00:00","dateModified":"2026-03-15T10:28:35+00:00","description":"Poppers D\u00e9j\u00e0 Vu Amyl 30 ml is a very powerful French popper, thanks to its amyl nitrite formula. Express delivery in 24\/48h in France.","breadcrumb":{"@id":"https:\/\/www.poppers-achat.fr\/en\/product\/amyl-deja-vu-poppers-30-ml\/#breadcrumb"},"inLanguage":"en-US","potentialAction":[{"@type":"ReadAction","target":["https:\/\/www.poppers-achat.fr\/en\/product\/amyl-deja-vu-poppers-30-ml\/"]}]},{"@type":"ImageObject","inLanguage":"en-US","@id":"https:\/\/www.poppers-achat.fr\/en\/product\/amyl-deja-vu-poppers-30-ml\/#primaryimage","url":"https:\/\/www.poppers-achat.fr\/wp-content\/uploads\/2025\/01\/deja-vu-amyl-30ml-jpg.webp","contentUrl":"https:\/\/www.poppers-achat.fr\/wp-content\/uploads\/2025\/01\/deja-vu-amyl-30ml-jpg.webp","width":800,"height":800,"caption":"poppers d\u00e9j\u00e0 vu amyl 30ml"},{"@type":"BreadcrumbList","@id":"https:\/\/www.poppers-achat.fr\/en\/product\/amyl-deja-vu-poppers-30-ml\/#breadcrumb","itemListElement":[{"@type":"ListItem","position":1,"name":"Home","item":"https:\/\/www.poppers-achat.fr\/en\/"},{"@type":"ListItem","position":2,"name":"Poppers","item":"https:\/\/www.poppers-achat.fr\/en\/shop\/"},{"@type":"ListItem","position":3,"name":"Amyl D\u00e9j\u00e0 Vu 30 ml"}]},{"@type":"WebSite","@id":"https:\/\/www.poppers-achat.fr\/en\/#website","url":"https:\/\/www.poppers-achat.fr\/en\/","name":"boutique Poppers Achat","description":"Poppers Achat - Achat de Poppers pas cher en ligne","publisher":{"@id":"https:\/\/www.poppers-achat.fr\/en\/#organization"},"potentialAction":[{"@type":"SearchAction","target":{"@type":"EntryPoint","urlTemplate":"https:\/\/www.poppers-achat.fr\/en\/?s={search_term_string}"},"query-input":{"@type":"PropertyValueSpecification","valueRequired":true,"valueName":"search_term_string"}}],"inLanguage":"en-US"},{"@type":"Organization","@id":"https:\/\/www.poppers-achat.fr\/en\/#Organization\/","name":"Poppers Achat Store","url":"https:\/\/www.poppers-achat.fr\/en\/","logo":{"@type":"ImageObject","inLanguage":"en-US","@id":"https:\/\/www.poppers-achat.fr\/en\/#\/schema\/logo\/image\/","url":"https:\/\/www.poppers-achat.fr\/wp-content\/uploads\/2024\/07\/newlogo.png","contentUrl":"https:\/\/www.poppers-achat.fr\/wp-content\/uploads\/2024\/07\/newlogo.png","width":350,"height":55,"caption":"Poppers Achat Store"},"image":{"@id":"https:\/\/www.poppers-achat.fr\/en\/#\/schema\/logo\/image\/"},"sameAs":["https:\/\/x.com\/poppersachat"]}]}},"_links":{"self":[{"href":"https:\/\/www.poppers-achat.fr\/en\/wp-json\/wp\/v2\/product\/67714","targetHints":{"allow":["GET"]}}],"collection":[{"href":"https:\/\/www.poppers-achat.fr\/en\/wp-json\/wp\/v2\/product"}],"about":[{"href":"https:\/\/www.poppers-achat.fr\/en\/wp-json\/wp\/v2\/types\/product"}],"wp:featuredmedia":[{"embeddable":true,"href":"https:\/\/www.poppers-achat.fr\/en\/wp-json\/wp\/v2\/media\/67062"}],"wp:attachment":[{"href":"https:\/\/www.poppers-achat.fr\/en\/wp-json\/wp\/v2\/media?parent=67714"}],"wp:term":[{"taxonomy":"product_brand","embeddable":true,"href":"https:\/\/www.poppers-achat.fr\/en\/wp-json\/wp\/v2\/product_brand?post=67714"},{"taxonomy":"product_cat","embeddable":true,"href":"https:\/\/www.poppers-achat.fr\/en\/wp-json\/wp\/v2\/product_cat?post=67714"},{"taxonomy":"product_tag","embeddable":true,"href":"https:\/\/www.poppers-achat.fr\/en\/wp-json\/wp\/v2\/product_tag?post=67714"}],"curies":[{"name":"wp","href":"https:\/\/api.w.org\/{rel}","templated":true}]}}