{"id":64186,"date":"2024-10-27T10:26:54","date_gmt":"2024-10-27T09:26:54","guid":{"rendered":"https:\/\/www.poppers-achat.fr\/produit\/pack-mini-iron-fist-10-ml\/"},"modified":"2026-05-03T22:56:49","modified_gmt":"2026-05-03T20:56:49","slug":"mini-iron-fist-poppers-pack","status":"publish","type":"product","link":"https:\/\/www.poppers-achat.fr\/en\/product\/mini-iron-fist-poppers-pack\/","title":{"rendered":"Mini Iron Fist Poppers Pack"},"content":{"rendered":"<h3>Mini Iron Fist 10 ml Pack : Power and Diversity<\/h3>\n<p>&nbsp;<\/p>\n<p>The Iron Fist 10 ml Mini Pack combines three distinct poppers to deliver a <strong>comprehensive and intense experience<\/strong>. This container includes <a href=\"https:\/\/www.poppers-achat.fr\/en\/product\/iron-fist-poppers-10-ml\/\">Iron Fist 10 ml poppers<\/a> containing amyl nitrite, <a href=\"https:\/\/www.poppers-achat.fr\/en\/product\/mini-iron-fist-black-label-10-ml\/\">Iron Fist Black Label 10 ml<\/a> poppers containing pentyl nitrite and <a href=\"https:\/\/www.poppers-achat.fr\/en\/product\/iron-fist-ultra-strong-10-ml\/\">Iron Fist Ultra Strong 10 ml poppers<\/a> also containing pentyl nitrite. These poppers with different formulations give you the opportunity to explore distinct intensities and adjust your senses to suit your current preferences.<\/p>\n<p>&nbsp;<\/p>\n<h3>Singular impressions thanks to the Iron Fist<\/h3>\n<p>&nbsp;<\/p>\n<p>Iron Fist poppers are <strong>designed to produce intense, instant effects<\/strong>. They deliver an <strong>intense high from the very first inhalation<\/strong>, easing muscle tension and allowing total detachment. These poppers are <strong>perfect for moments of intense and immediate relaxation<\/strong>, whether in a party or intimate environment. Thanks to its rapid action and the presence of amyl nitrite and pentyl, this product is appreciated by those who want long-lasting feelings without compromise.<\/p>\n<p>&nbsp;<\/p>\n<h3>Why choose the Iron Fist Mini Poppers Pack ?<\/h3>\n<p>&nbsp;<\/p>\n<p>The Iron Fist Mini Poppers Pack is designed for enthusiasts of intense sensations who aspire to a versatile experience. This <a href=\"https:\/\/www.poppers-achat.fr\/en\/product-category\/poppers-pack\/\">poppers pack<\/a> is <strong>ideal for discovering and diversifying effects<\/strong>, with each popper presenting a distinct intensity. The traditional Iron Fist with its amyl nitrite provides a gradual progression, while the pentyl formulas of Black Label and Ultra Strong instantly increase power and depth. What&#8217;s more, <strong>the compact 10 ml per bottle format makes for easy transport and discreet use<\/strong>.<\/p>\n<p>&nbsp;<\/p>\n<h3>Instructions for use<\/h3>\n<p>&nbsp;<\/p>\n<p>To fully benefit from the effects, <strong>inhale slowly close to the bottle without making direct contact<\/strong>. <strong>Use in a well-ventilated area<\/strong>, and <strong>ensure that each popper is properly closed to maintain its effectiveness<\/strong>. To guarantee protection, keep them in a cool, dry place, away from direct light and away from children.<\/p>\n<p>&nbsp;<\/p>\n<p>Iron Fist Mini Poppers Pack<\/p>\n<p>Capacity : 3 x 10 ml<\/p>\n<p>Composition : Amyl Pentyl Nitrite &#8211; Highly flammable.<\/p>\n<p>Harmful by close inhalation, in contact with skin and if swallowed, may cause drowsiness and dizziness. Do not swallow. Keep out of reach of children.<\/p>\n","protected":false},"excerpt":{"rendered":"<p><strong>Mini Iron Fist Poppers Pack<\/strong>. Discover the Iron Fist 10 ml Mini Poppers pack, <strong>ideal for varying sensations<\/strong>! This <strong>trio of powerful poppers<\/strong> combines <strong>Iron Fist with amyl nitrite<\/strong>, <strong>Iron Fist Black Label with pentyl nitrite <\/strong>and <strong>Iron Fist Ultra Strong<\/strong>, also with pentyl nitrite, for a unique, intense experience. Each 10 ml bottle is designed to <strong>deliver fast, powerful effects<\/strong>, suitable for lovers of euphoric highs and deep relaxation. This pack lets you explore a variety of aromas and intensities to suit your mood. Our online poppers store offers you this <strong>exclusive Iron Fist 10 ml poppers pack at the best price on the market<\/strong>. Don&#8217;t delay !<\/p>\n<p>&nbsp;<\/p>\n<p>Available in the same range, <a href=\"https:\/\/www.poppers-achat.fr\/en\/product\/iron-fist-raw-poppers-24-ml\/\">Iron Fist Raw 24 ml Poppers<\/a>.<\/p>\n","protected":false},"featured_media":63853,"template":"","meta":{"_acf_changed":false},"product_brand":[],"product_cat":[436,427],"product_tag":[880,744,431,694,637,530,551,642,452,506,441,451,470,936,621],"class_list":{"0":"post-64186","1":"product","2":"type-product","3":"status-publish","4":"has-post-thumbnail","6":"product_cat-small-poppers","7":"product_cat-poppers-pack","8":"product_tag-10ml-en-2","9":"product_tag-aluminum","10":"product_tag-amyl-en","11":"product_tag-bottle","12":"product_tag-format-en","13":"product_tag-fort-en","14":"product_tag-iron-fist-en","15":"product_tag-mini-en","16":"product_tag-nitrite-en","17":"product_tag-pack-en","18":"product_tag-pentyl","19":"product_tag-poppers-en","20":"product_tag-powerful","21":"product_tag-trio-en","22":"product_tag-ultra-strong-en","23":"pa_contenance-10ml-en","24":"pa_fabrication-europe-en","25":"pa_marque-iron-fist-en","26":"pa_puissance-5-5","28":"first","29":"instock","30":"featured","31":"taxable","32":"shipping-taxable","33":"purchasable","34":"product-type-simple"},"acf":[],"yoast_head":"<!-- This site is optimized with the Yoast SEO plugin v26.1.1 - https:\/\/yoast.com\/wordpress\/plugins\/seo\/ -->\n<title>Mini Iron Fist Poppers Pack - Poppers Achat Store<\/title>\n<meta name=\"description\" content=\"Mini Iron Fist Poppers Pack, including Iron Fist Amyl Nitrite poppers, Iron Fist Black Label and Iron Fist Ultra Strong Pentyl Nitrite.\" \/>\n<meta name=\"robots\" content=\"index, follow, max-snippet:-1, max-image-preview:large, max-video-preview:-1\" \/>\n<link rel=\"canonical\" href=\"https:\/\/www.poppers-achat.fr\/en\/product\/mini-iron-fist-poppers-pack\/\" \/>\n<meta property=\"og:locale\" content=\"en_US\" \/>\n<meta property=\"og:type\" content=\"article\" \/>\n<meta property=\"og:title\" content=\"Mini Iron Fist Poppers Pack - Poppers Achat Store\" \/>\n<meta property=\"og:description\" content=\"Mini Iron Fist Poppers Pack, including Iron Fist Amyl Nitrite poppers, Iron Fist Black Label and Iron Fist Ultra Strong Pentyl Nitrite.\" \/>\n<meta property=\"og:url\" content=\"https:\/\/www.poppers-achat.fr\/en\/product\/mini-iron-fist-poppers-pack\/\" \/>\n<meta property=\"og:site_name\" content=\"Poppers Achat Store\" \/>\n<meta property=\"article:modified_time\" content=\"2026-05-03T20:56:49+00:00\" \/>\n<meta property=\"og:image\" content=\"https:\/\/www.poppers-achat.fr\/wp-content\/uploads\/2024\/10\/pack-poppers-iron-fist-10-ml-jpeg.webp\" \/>\n\t<meta property=\"og:image:width\" content=\"800\" \/>\n\t<meta property=\"og:image:height\" content=\"800\" \/>\n\t<meta property=\"og:image:type\" content=\"image\/jpeg\" \/>\n<meta name=\"twitter:card\" content=\"summary_large_image\" \/>\n<meta name=\"twitter:site\" content=\"@poppersachat\" \/>\n<meta name=\"twitter:label1\" content=\"Est. reading time\" \/>\n\t<meta name=\"twitter:data1\" content=\"2 minutes\" \/>\n<script type=\"application\/ld+json\" class=\"yoast-schema-graph\">{\"@context\":\"https:\/\/schema.org\",\"@graph\":[{\"@type\":\"WebPage\",\"@id\":\"https:\/\/www.poppers-achat.fr\/en\/product\/mini-iron-fist-poppers-pack\/\",\"url\":\"https:\/\/www.poppers-achat.fr\/en\/product\/mini-iron-fist-poppers-pack\/\",\"name\":\"Mini Iron Fist Poppers Pack - Poppers Achat Store\",\"isPartOf\":{\"@id\":\"https:\/\/www.poppers-achat.fr\/en\/#website\"},\"primaryImageOfPage\":{\"@id\":\"https:\/\/www.poppers-achat.fr\/en\/product\/mini-iron-fist-poppers-pack\/#primaryimage\"},\"image\":{\"@id\":\"https:\/\/www.poppers-achat.fr\/en\/product\/mini-iron-fist-poppers-pack\/#primaryimage\"},\"thumbnailUrl\":\"https:\/\/www.poppers-achat.fr\/wp-content\/uploads\/2024\/10\/pack-poppers-iron-fist-10-ml-jpeg.webp\",\"datePublished\":\"2024-10-27T09:26:54+00:00\",\"dateModified\":\"2026-05-03T20:56:49+00:00\",\"description\":\"Mini Iron Fist Poppers Pack, including Iron Fist Amyl Nitrite poppers, Iron Fist Black Label and Iron Fist Ultra Strong Pentyl Nitrite.\",\"breadcrumb\":{\"@id\":\"https:\/\/www.poppers-achat.fr\/en\/product\/mini-iron-fist-poppers-pack\/#breadcrumb\"},\"inLanguage\":\"en-US\",\"potentialAction\":[{\"@type\":\"ReadAction\",\"target\":[\"https:\/\/www.poppers-achat.fr\/en\/product\/mini-iron-fist-poppers-pack\/\"]}]},{\"@type\":\"ImageObject\",\"inLanguage\":\"en-US\",\"@id\":\"https:\/\/www.poppers-achat.fr\/en\/product\/mini-iron-fist-poppers-pack\/#primaryimage\",\"url\":\"https:\/\/www.poppers-achat.fr\/wp-content\/uploads\/2024\/10\/pack-poppers-iron-fist-10-ml-jpeg.webp\",\"contentUrl\":\"https:\/\/www.poppers-achat.fr\/wp-content\/uploads\/2024\/10\/pack-poppers-iron-fist-10-ml-jpeg.webp\",\"width\":800,\"height\":800,\"caption\":\"Pack des meilleurs poppers Iron Fist 10\u202fml : Classique, Black Label et Ultra Strong \u2013 puissants, efficaces et tr\u00e8s appr\u00e9ci\u00e9s qui font partie des meilleurs poppers 2024\"},{\"@type\":\"BreadcrumbList\",\"@id\":\"https:\/\/www.poppers-achat.fr\/en\/product\/mini-iron-fist-poppers-pack\/#breadcrumb\",\"itemListElement\":[{\"@type\":\"ListItem\",\"position\":1,\"name\":\"Home\",\"item\":\"https:\/\/www.poppers-achat.fr\/en\/\"},{\"@type\":\"ListItem\",\"position\":2,\"name\":\"Poppers\",\"item\":\"https:\/\/www.poppers-achat.fr\/en\/shop\/\"},{\"@type\":\"ListItem\",\"position\":3,\"name\":\"Mini Iron Fist Poppers Pack\"}]},{\"@type\":\"WebSite\",\"@id\":\"https:\/\/www.poppers-achat.fr\/en\/#website\",\"url\":\"https:\/\/www.poppers-achat.fr\/en\/\",\"name\":\"boutique Poppers Achat\",\"description\":\"Poppers Achat - Achat de Poppers pas cher en ligne\",\"publisher\":{\"@id\":\"https:\/\/www.poppers-achat.fr\/en\/#organization\"},\"potentialAction\":[{\"@type\":\"SearchAction\",\"target\":{\"@type\":\"EntryPoint\",\"urlTemplate\":\"https:\/\/www.poppers-achat.fr\/en\/?s={search_term_string}\"},\"query-input\":{\"@type\":\"PropertyValueSpecification\",\"valueRequired\":true,\"valueName\":\"search_term_string\"}}],\"inLanguage\":\"en-US\"},{\"@type\":\"Organization\",\"@id\":\"https:\/\/www.poppers-achat.fr\/en\/#Organization\/\",\"name\":\"Poppers Achat Store\",\"url\":\"https:\/\/www.poppers-achat.fr\/en\/\",\"logo\":{\"@type\":\"ImageObject\",\"inLanguage\":\"en-US\",\"@id\":\"https:\/\/www.poppers-achat.fr\/en\/#\/schema\/logo\/image\/\",\"url\":\"https:\/\/www.poppers-achat.fr\/wp-content\/uploads\/2024\/07\/newlogo.png\",\"contentUrl\":\"https:\/\/www.poppers-achat.fr\/wp-content\/uploads\/2024\/07\/newlogo.png\",\"width\":350,\"height\":55,\"caption\":\"Poppers Achat Store\"},\"image\":{\"@id\":\"https:\/\/www.poppers-achat.fr\/en\/#\/schema\/logo\/image\/\"},\"sameAs\":[\"https:\/\/x.com\/poppersachat\"]}]}<\/script>\n<!-- \/ Yoast SEO plugin. -->","yoast_head_json":{"title":"Mini Iron Fist Poppers Pack - Poppers Achat Store","description":"Mini Iron Fist Poppers Pack, including Iron Fist Amyl Nitrite poppers, Iron Fist Black Label and Iron Fist Ultra Strong Pentyl Nitrite.","robots":{"index":"index","follow":"follow","max-snippet":"max-snippet:-1","max-image-preview":"max-image-preview:large","max-video-preview":"max-video-preview:-1"},"canonical":"https:\/\/www.poppers-achat.fr\/en\/product\/mini-iron-fist-poppers-pack\/","og_locale":"en_US","og_type":"article","og_title":"Mini Iron Fist Poppers Pack - Poppers Achat Store","og_description":"Mini Iron Fist Poppers Pack, including Iron Fist Amyl Nitrite poppers, Iron Fist Black Label and Iron Fist Ultra Strong Pentyl Nitrite.","og_url":"https:\/\/www.poppers-achat.fr\/en\/product\/mini-iron-fist-poppers-pack\/","og_site_name":"Poppers Achat Store","article_modified_time":"2026-05-03T20:56:49+00:00","og_image":[{"width":800,"height":800,"url":"https:\/\/www.poppers-achat.fr\/wp-content\/uploads\/2024\/10\/pack-poppers-iron-fist-10-ml-jpeg.webp","type":"image\/jpeg"}],"twitter_card":"summary_large_image","twitter_site":"@poppersachat","twitter_misc":{"Est. reading time":"2 minutes"},"schema":{"@context":"https:\/\/schema.org","@graph":[{"@type":"WebPage","@id":"https:\/\/www.poppers-achat.fr\/en\/product\/mini-iron-fist-poppers-pack\/","url":"https:\/\/www.poppers-achat.fr\/en\/product\/mini-iron-fist-poppers-pack\/","name":"Mini Iron Fist Poppers Pack - Poppers Achat Store","isPartOf":{"@id":"https:\/\/www.poppers-achat.fr\/en\/#website"},"primaryImageOfPage":{"@id":"https:\/\/www.poppers-achat.fr\/en\/product\/mini-iron-fist-poppers-pack\/#primaryimage"},"image":{"@id":"https:\/\/www.poppers-achat.fr\/en\/product\/mini-iron-fist-poppers-pack\/#primaryimage"},"thumbnailUrl":"https:\/\/www.poppers-achat.fr\/wp-content\/uploads\/2024\/10\/pack-poppers-iron-fist-10-ml-jpeg.webp","datePublished":"2024-10-27T09:26:54+00:00","dateModified":"2026-05-03T20:56:49+00:00","description":"Mini Iron Fist Poppers Pack, including Iron Fist Amyl Nitrite poppers, Iron Fist Black Label and Iron Fist Ultra Strong Pentyl Nitrite.","breadcrumb":{"@id":"https:\/\/www.poppers-achat.fr\/en\/product\/mini-iron-fist-poppers-pack\/#breadcrumb"},"inLanguage":"en-US","potentialAction":[{"@type":"ReadAction","target":["https:\/\/www.poppers-achat.fr\/en\/product\/mini-iron-fist-poppers-pack\/"]}]},{"@type":"ImageObject","inLanguage":"en-US","@id":"https:\/\/www.poppers-achat.fr\/en\/product\/mini-iron-fist-poppers-pack\/#primaryimage","url":"https:\/\/www.poppers-achat.fr\/wp-content\/uploads\/2024\/10\/pack-poppers-iron-fist-10-ml-jpeg.webp","contentUrl":"https:\/\/www.poppers-achat.fr\/wp-content\/uploads\/2024\/10\/pack-poppers-iron-fist-10-ml-jpeg.webp","width":800,"height":800,"caption":"Pack des meilleurs poppers Iron Fist 10\u202fml : Classique, Black Label et Ultra Strong \u2013 puissants, efficaces et tr\u00e8s appr\u00e9ci\u00e9s qui font partie des meilleurs poppers 2024"},{"@type":"BreadcrumbList","@id":"https:\/\/www.poppers-achat.fr\/en\/product\/mini-iron-fist-poppers-pack\/#breadcrumb","itemListElement":[{"@type":"ListItem","position":1,"name":"Home","item":"https:\/\/www.poppers-achat.fr\/en\/"},{"@type":"ListItem","position":2,"name":"Poppers","item":"https:\/\/www.poppers-achat.fr\/en\/shop\/"},{"@type":"ListItem","position":3,"name":"Mini Iron Fist Poppers Pack"}]},{"@type":"WebSite","@id":"https:\/\/www.poppers-achat.fr\/en\/#website","url":"https:\/\/www.poppers-achat.fr\/en\/","name":"boutique Poppers Achat","description":"Poppers Achat - Achat de Poppers pas cher en ligne","publisher":{"@id":"https:\/\/www.poppers-achat.fr\/en\/#organization"},"potentialAction":[{"@type":"SearchAction","target":{"@type":"EntryPoint","urlTemplate":"https:\/\/www.poppers-achat.fr\/en\/?s={search_term_string}"},"query-input":{"@type":"PropertyValueSpecification","valueRequired":true,"valueName":"search_term_string"}}],"inLanguage":"en-US"},{"@type":"Organization","@id":"https:\/\/www.poppers-achat.fr\/en\/#Organization\/","name":"Poppers Achat Store","url":"https:\/\/www.poppers-achat.fr\/en\/","logo":{"@type":"ImageObject","inLanguage":"en-US","@id":"https:\/\/www.poppers-achat.fr\/en\/#\/schema\/logo\/image\/","url":"https:\/\/www.poppers-achat.fr\/wp-content\/uploads\/2024\/07\/newlogo.png","contentUrl":"https:\/\/www.poppers-achat.fr\/wp-content\/uploads\/2024\/07\/newlogo.png","width":350,"height":55,"caption":"Poppers Achat Store"},"image":{"@id":"https:\/\/www.poppers-achat.fr\/en\/#\/schema\/logo\/image\/"},"sameAs":["https:\/\/x.com\/poppersachat"]}]}},"_links":{"self":[{"href":"https:\/\/www.poppers-achat.fr\/en\/wp-json\/wp\/v2\/product\/64186","targetHints":{"allow":["GET"]}}],"collection":[{"href":"https:\/\/www.poppers-achat.fr\/en\/wp-json\/wp\/v2\/product"}],"about":[{"href":"https:\/\/www.poppers-achat.fr\/en\/wp-json\/wp\/v2\/types\/product"}],"wp:featuredmedia":[{"embeddable":true,"href":"https:\/\/www.poppers-achat.fr\/en\/wp-json\/wp\/v2\/media\/63853"}],"wp:attachment":[{"href":"https:\/\/www.poppers-achat.fr\/en\/wp-json\/wp\/v2\/media?parent=64186"}],"wp:term":[{"taxonomy":"product_brand","embeddable":true,"href":"https:\/\/www.poppers-achat.fr\/en\/wp-json\/wp\/v2\/product_brand?post=64186"},{"taxonomy":"product_cat","embeddable":true,"href":"https:\/\/www.poppers-achat.fr\/en\/wp-json\/wp\/v2\/product_cat?post=64186"},{"taxonomy":"product_tag","embeddable":true,"href":"https:\/\/www.poppers-achat.fr\/en\/wp-json\/wp\/v2\/product_tag?post=64186"}],"curies":[{"name":"wp","href":"https:\/\/api.w.org\/{rel}","templated":true}]}}